{"id":2402,"date":"2024-09-12T05:11:58","date_gmt":"2024-09-12T05:11:58","guid":{"rendered":"https:\/\/new-site.ohlala.com\/?page_id=2402"},"modified":"2024-09-16T04:05:04","modified_gmt":"2024-09-16T04:05:04","slug":"modelle","status":"publish","type":"page","link":"https:\/\/new-site.ohlala.com\/en\/modelle\/","title":{"rendered":"Modelle"},"content":{"rendered":"<div data-elementor-type=\"wp-page\" data-elementor-id=\"2402\" class=\"elementor elementor-2402\" data-elementor-post-type=\"page\">\n\t\t\t\t<div class=\"elementor-element elementor-element-a42722e e-flex e-con-boxed e-con e-parent\" data-id=\"a42722e\" data-element_type=\"container\">\n\t\t\t\t\t<div class=\"e-con-inner\">\n\t\t<div class=\"elementor-element elementor-element-d20a4d9 e-con-full e-flex e-con e-child\" data-id=\"d20a4d9\" data-element_type=\"container\">\n\t\t<div class=\"elementor-element elementor-element-a7fd72d e-con-full e-flex e-con e-child\" data-id=\"a7fd72d\" data-element_type=\"container\">\n\t\t\t\t<div class=\"elementor-element elementor-element-197e504 elementor-invisible elementor-widget elementor-widget-heading\" data-id=\"197e504\" data-element_type=\"widget\" data-settings=\"{&quot;_animation&quot;:&quot;fadeInUp&quot;,&quot;_animation_delay&quot;:900}\" data-widget_type=\"heading.default\">\n\t\t\t\t<div class=\"elementor-widget-container\">\n\t\t\t<h2 class=\"elementor-heading-title elementor-size-default\">Du m\u00f6chtest mit Deiner Attraktivit\u00e4t Geld verdienen?<\/h2>\t\t<\/div>\n\t\t\t\t<\/div>\n\t\t\t\t<div class=\"elementor-element elementor-element-56cc281 animated-slow elementor-invisible elementor-widget elementor-widget-heading\" data-id=\"56cc281\" data-element_type=\"widget\" data-settings=\"{&quot;_animation&quot;:&quot;fadeInUp&quot;,&quot;_animation_delay&quot;:900}\" data-widget_type=\"heading.default\">\n\t\t\t\t<div class=\"elementor-widget-container\">\n\t\t\t<h3 class=\"elementor-heading-title elementor-size-default\">Mit Deinen Fotos und Videos erzielst Du ganz einfach ein monatliches Einkommen<\/h3>\t\t<\/div>\n\t\t\t\t<\/div>\n\t\t\t\t<div class=\"elementor-element elementor-element-7ed99c3 animated-slow elementor-invisible elementor-widget elementor-widget-text-editor\" data-id=\"7ed99c3\" data-element_type=\"widget\" data-settings=\"{&quot;_animation&quot;:&quot;fadeInUp&quot;,&quot;_animation_delay&quot;:900}\" data-widget_type=\"text-editor.default\">\n\t\t\t\t<div class=\"elementor-widget-container\">\n\t\t\t\t\t\t\tMelde Dich kostenlos bei Ohlala Models an und verdiene noch heute mehr Geld. Teile attraktive Fotos und Videos mit der Ohlala Community. Du bestimmst den Preis und beh\u00e4ltst die volle Kontrolle \u00fcber Deine Inhalte.\t\t\t\t\t\t<\/div>\n\t\t\t\t<\/div>\n\t\t\t\t<div class=\"elementor-element elementor-element-852717f elementor-tablet-align-center elementor-hidden-tablet elementor-icon-list--layout-traditional elementor-list-item-link-full_width elementor-widget elementor-widget-icon-list\" data-id=\"852717f\" data-element_type=\"widget\" data-widget_type=\"icon-list.default\">\n\t\t\t\t<div class=\"elementor-widget-container\">\n\t\t\t\t\t<ul class=\"elementor-icon-list-items\">\n\t\t\t\t\t\t\t<li class=\"elementor-icon-list-item\">\n\t\t\t\t\t\t\t\t\t\t\t<span class=\"elementor-icon-list-icon\">\n\t\t\t\t\t\t\t<svg aria-hidden=\"true\" class=\"e-font-icon-svg e-fas-check-square\" viewbox=\"0 0 448 512\" xmlns=\"http:\/\/www.w3.org\/2000\/svg\"><path d=\"M400 480H48c-26.51 0-48-21.49-48-48V80c0-26.51 21.49-48 48-48h352c26.51 0 48 21.49 48 48v352c0 26.51-21.49 48-48 48zm-204.686-98.059l184-184c6.248-6.248 6.248-16.379 0-22.627l-22.627-22.627c-6.248-6.248-16.379-6.249-22.628 0L184 302.745l-70.059-70.059c-6.248-6.248-16.379-6.248-22.628 0l-22.627 22.627c-6.248 6.248-6.248 16.379 0 22.627l104 104c6.249 6.25 16.379 6.25 22.628.001z\"><\/path><\/svg>\t\t\t\t\t\t<\/span>\n\t\t\t\t\t\t\t\t\t\t<span class=\"elementor-icon-list-text\">Verdiene Geld und hab Spa\u00df mit der Community.<\/span>\n\t\t\t\t\t\t\t\t\t<\/li>\n\t\t\t\t\t\t\t\t<li class=\"elementor-icon-list-item\">\n\t\t\t\t\t\t\t\t\t\t\t<span class=\"elementor-icon-list-icon\">\n\t\t\t\t\t\t\t<svg aria-hidden=\"true\" class=\"e-font-icon-svg e-fas-check-square\" viewbox=\"0 0 448 512\" xmlns=\"http:\/\/www.w3.org\/2000\/svg\"><path d=\"M400 480H48c-26.51 0-48-21.49-48-48V80c0-26.51 21.49-48 48-48h352c26.51 0 48 21.49 48 48v352c0 26.51-21.49 48-48 48zm-204.686-98.059l184-184c6.248-6.248 6.248-16.379 0-22.627l-22.627-22.627c-6.248-6.248-16.379-6.249-22.628 0L184 302.745l-70.059-70.059c-6.248-6.248-16.379-6.248-22.628 0l-22.627 22.627c-6.248 6.248-6.248 16.379 0 22.627l104 104c6.249 6.25 16.379 6.25 22.628.001z\"><\/path><\/svg>\t\t\t\t\t\t<\/span>\n\t\t\t\t\t\t\t\t\t\t<span class=\"elementor-icon-list-text\">Profitiere von regelm\u00e4\u00dfigen Auszahlungen.<\/span>\n\t\t\t\t\t\t\t\t\t<\/li>\n\t\t\t\t\t\t\t\t<li class=\"elementor-icon-list-item\">\n\t\t\t\t\t\t\t\t\t\t\t<span class=\"elementor-icon-list-icon\">\n\t\t\t\t\t\t\t<svg aria-hidden=\"true\" class=\"e-font-icon-svg e-fas-check-square\" viewbox=\"0 0 448 512\" xmlns=\"http:\/\/www.w3.org\/2000\/svg\"><path d=\"M400 480H48c-26.51 0-48-21.49-48-48V80c0-26.51 21.49-48 48-48h352c26.51 0 48 21.49 48 48v352c0 26.51-21.49 48-48 48zm-204.686-98.059l184-184c6.248-6.248 6.248-16.379 0-22.627l-22.627-22.627c-6.248-6.248-16.379-6.249-22.628 0L184 302.745l-70.059-70.059c-6.248-6.248-16.379-6.248-22.628 0l-22.627 22.627c-6.248 6.248-6.248 16.379 0 22.627l104 104c6.249 6.25 16.379 6.25 22.628.001z\"><\/path><\/svg>\t\t\t\t\t\t<\/span>\n\t\t\t\t\t\t\t\t\t\t<span class=\"elementor-icon-list-text\">Behalte den \u00dcberblick mit Echtzeit-Analysen.<\/span>\n\t\t\t\t\t\t\t\t\t<\/li>\n\t\t\t\t\t\t\t\t<li class=\"elementor-icon-list-item\">\n\t\t\t\t\t\t\t\t\t\t\t<span class=\"elementor-icon-list-icon\">\n\t\t\t\t\t\t\t<svg aria-hidden=\"true\" class=\"e-font-icon-svg e-fas-check-square\" viewbox=\"0 0 448 512\" xmlns=\"http:\/\/www.w3.org\/2000\/svg\"><path d=\"M400 480H48c-26.51 0-48-21.49-48-48V80c0-26.51 21.49-48 48-48h352c26.51 0 48 21.49 48 48v352c0 26.51-21.49 48-48 48zm-204.686-98.059l184-184c6.248-6.248 6.248-16.379 0-22.627l-22.627-22.627c-6.248-6.248-16.379-6.249-22.628 0L184 302.745l-70.059-70.059c-6.248-6.248-16.379-6.248-22.628 0l-22.627 22.627c-6.248 6.248-6.248 16.379 0 22.627l104 104c6.249 6.25 16.379 6.25 22.628.001z\"><\/path><\/svg>\t\t\t\t\t\t<\/span>\n\t\t\t\t\t\t\t\t\t\t<span class=\"elementor-icon-list-text\">Teile Deinen Ohlala-Models-Link f\u00fcr mehr Fans.<\/span>\n\t\t\t\t\t\t\t\t\t<\/li>\n\t\t\t\t\t\t<\/ul>\n\t\t\t\t<\/div>\n\t\t\t\t<\/div>\n\t\t\t\t<div class=\"elementor-element elementor-element-7229edf animated-slow elementor-invisible elementor-widget elementor-widget-elementskit-button\" data-id=\"7229edf\" data-element_type=\"widget\" data-settings=\"{&quot;_animation&quot;:&quot;fadeInUp&quot;}\" data-widget_type=\"elementskit-button.default\">\n\t\t\t\t<div class=\"elementor-widget-container\">\n\t\t\t<div class=\"ekit-wid-con\" >\t\t<div class=\"ekit-btn-wraper\">\n\t\t\t\t\t\t\t<a href=\"https:\/\/app.ohlala.com\/register\" class=\"elementskit-btn  whitespace--normal\" id=\"\">\n\t\t\t\t\t<i aria-hidden=\"true\" class=\"jki jki-check-light\"><\/i>Jetzt kostenlos registrieren\t\t\t\t<\/a>\n\t\t\t\t\t<\/div>\n        <\/div>\t\t<\/div>\n\t\t\t\t<\/div>\n\t\t\t\t<\/div>\n\t\t<div class=\"elementor-element elementor-element-c95e4ea e-con-full e-flex e-con e-child\" data-id=\"c95e4ea\" data-element_type=\"container\">\n\t\t\t\t<div class=\"elementor-element elementor-element-2b71a0a elementor-widget elementor-widget-image\" data-id=\"2b71a0a\" data-element_type=\"widget\" data-widget_type=\"image.default\">\n\t\t\t\t<div class=\"elementor-widget-container\">\n\t\t\t\t\t\t\t\t\t\t\t\t\t<img fetchpriority=\"high\" decoding=\"async\" width=\"800\" height=\"861\" src=\"https:\/\/new-site.ohlala.com\/wp-content\/uploads\/2024\/09\/models-ohlala-951x1024.png\" class=\"attachment-large size-large wp-image-2440\" alt=\"\" srcset=\"https:\/\/new-site.ohlala.com\/wp-content\/uploads\/2024\/09\/models-ohlala-951x1024.png 951w, https:\/\/new-site.ohlala.com\/wp-content\/uploads\/2024\/09\/models-ohlala-278x300.png 278w, https:\/\/new-site.ohlala.com\/wp-content\/uploads\/2024\/09\/models-ohlala-768x827.png 768w, https:\/\/new-site.ohlala.com\/wp-content\/uploads\/2024\/09\/models-ohlala-11x12.png 11w, https:\/\/new-site.ohlala.com\/wp-content\/uploads\/2024\/09\/models-ohlala.png 1010w\" sizes=\"(max-width: 800px) 100vw, 800px\" \/>\t\t\t\t\t\t\t\t\t\t\t\t\t<\/div>\n\t\t\t\t<\/div>\n\t\t<div class=\"elementor-element elementor-element-18ebd8f e-con-full e-flex e-con e-child\" data-id=\"18ebd8f\" data-element_type=\"container\" data-settings=\"{&quot;background_background&quot;:&quot;gradient&quot;,&quot;position&quot;:&quot;absolute&quot;}\">\n\t\t\t\t<div class=\"elementor-element elementor-element-52be3d7 elementor-widget__width-initial e-transform elementor-widget elementor-widget-text-editor\" data-id=\"52be3d7\" data-element_type=\"widget\" data-settings=\"{&quot;_transform_rotateZ_effect&quot;:{&quot;unit&quot;:&quot;px&quot;,&quot;size&quot;:15,&quot;sizes&quot;:[]},&quot;_transform_rotateZ_effect_tablet&quot;:{&quot;unit&quot;:&quot;deg&quot;,&quot;size&quot;:&quot;&quot;,&quot;sizes&quot;:[]},&quot;_transform_rotateZ_effect_mobile&quot;:{&quot;unit&quot;:&quot;deg&quot;,&quot;size&quot;:&quot;&quot;,&quot;sizes&quot;:[]}}\" data-widget_type=\"text-editor.default\">\n\t\t\t\t<div class=\"elementor-widget-container\">\n\t\t\t\t\t\t\tVerdiene <br>1000\u20ac &amp; wir <br>schenken Dir<br>\ndie Geb\u00fchr!*\t\t\t\t\t\t<\/div>\n\t\t\t\t<\/div>\n\t\t\t\t<\/div>\n\t\t\t\t<\/div>\n\t\t\t\t<\/div>\n\t\t\t\t\t<\/div>\n\t\t\t\t<\/div>\n\t\t<div class=\"elementor-element elementor-element-c9351ee e-flex e-con-boxed e-con e-parent\" data-id=\"c9351ee\" data-element_type=\"container\">\n\t\t\t\t\t<div class=\"e-con-inner\">\n\t\t<div class=\"elementor-element elementor-element-2db26b5 e-con-full e-flex e-con e-child\" data-id=\"2db26b5\" data-element_type=\"container\">\n\t\t<div class=\"elementor-element elementor-element-c3d1c29 e-con-full e-flex e-con e-child\" data-id=\"c3d1c29\" data-element_type=\"container\">\n\t\t\t\t<div class=\"elementor-element elementor-element-9c09fc0 elementor-widget elementor-widget-image\" data-id=\"9c09fc0\" data-element_type=\"widget\" data-widget_type=\"image.default\">\n\t\t\t\t<div class=\"elementor-widget-container\">\n\t\t\t\t\t\t\t\t\t\t\t\t\t<img decoding=\"async\" width=\"510\" height=\"394\" src=\"https:\/\/new-site.ohlala.com\/wp-content\/uploads\/2024\/09\/ohlala-videos-images.png\" class=\"attachment-large size-large wp-image-2450\" alt=\"\" srcset=\"https:\/\/new-site.ohlala.com\/wp-content\/uploads\/2024\/09\/ohlala-videos-images.png 510w, https:\/\/new-site.ohlala.com\/wp-content\/uploads\/2024\/09\/ohlala-videos-images-300x232.png 300w, https:\/\/new-site.ohlala.com\/wp-content\/uploads\/2024\/09\/ohlala-videos-images-16x12.png 16w\" sizes=\"(max-width: 510px) 100vw, 510px\" \/>\t\t\t\t\t\t\t\t\t\t\t\t\t<\/div>\n\t\t\t\t<\/div>\n\t\t\t\t<\/div>\n\t\t<div class=\"elementor-element elementor-element-1a0ef22 e-con-full e-flex e-con e-child\" data-id=\"1a0ef22\" data-element_type=\"container\">\n\t\t\t\t<div class=\"elementor-element elementor-element-cf7b852 elementor-invisible elementor-widget elementor-widget-heading\" data-id=\"cf7b852\" data-element_type=\"widget\" data-settings=\"{&quot;_animation&quot;:&quot;fadeInUp&quot;,&quot;_animation_delay&quot;:900}\" data-widget_type=\"heading.default\">\n\t\t\t\t<div class=\"elementor-widget-container\">\n\t\t\t<h2 class=\"elementor-heading-title elementor-size-default\">Was ist Ohlala?<\/h2>\t\t<\/div>\n\t\t\t\t<\/div>\n\t\t\t\t<div class=\"elementor-element elementor-element-dbbd7f3 animated-slow elementor-widget-tablet__width-initial elementor-invisible elementor-widget elementor-widget-heading\" data-id=\"dbbd7f3\" data-element_type=\"widget\" data-settings=\"{&quot;_animation&quot;:&quot;fadeInUp&quot;,&quot;_animation_delay&quot;:900}\" data-widget_type=\"heading.default\">\n\t\t\t\t<div class=\"elementor-widget-container\">\n\t\t\t<h3 class=\"elementor-heading-title elementor-size-default\">Ohlala ist die Plattform, wo Du Fotos & Videos zu Geld machst<\/h3>\t\t<\/div>\n\t\t\t\t<\/div>\n\t\t\t\t<div class=\"elementor-element elementor-element-6a186c3 animated-slow elementor-invisible elementor-widget elementor-widget-text-editor\" data-id=\"6a186c3\" data-element_type=\"widget\" data-settings=\"{&quot;_animation&quot;:&quot;fadeInUp&quot;,&quot;_animation_delay&quot;:900}\" data-widget_type=\"text-editor.default\">\n\t\t\t\t<div class=\"elementor-widget-container\">\n\t\t\t\t\t\t\tOhlala ist kostenlose Singleb\u00f6rse, moderne Dating-Site und Social-Media-Plattform, auf der attraktive Influencer und talentierte Content Creators fast jede Art von Inhalten (z.B. Videos und Fotos) posten k\u00f6nnen und die Ohlala Community f\u00fcr das Privileg bezahlt. Mit Tausenden von Mitgliedern hat Ohlala stark an Popularit\u00e4t gewonnen, denn hier treten attraktive Frauen gegen eine Geb\u00fchr direkt mit ihren gro\u00dfz\u00fcgigen Fans in Kontakt. Der beste Content auf Ohlala Models erzielt mehrere 1000 Euro.\t\t\t\t\t\t<\/div>\n\t\t\t\t<\/div>\n\t\t\t\t<\/div>\n\t\t\t\t<\/div>\n\t\t\t\t\t<\/div>\n\t\t\t\t<\/div>\n\t\t<div class=\"elementor-element elementor-element-c44a283 e-flex e-con-boxed e-con e-parent\" data-id=\"c44a283\" data-element_type=\"container\">\n\t\t\t\t\t<div class=\"e-con-inner\">\n\t\t<div class=\"elementor-element elementor-element-5a0b97d e-con-full e-flex e-con e-child\" data-id=\"5a0b97d\" data-element_type=\"container\">\n\t\t<div class=\"elementor-element elementor-element-448e93b e-con-full e-flex e-con e-child\" data-id=\"448e93b\" data-element_type=\"container\">\n\t\t\t\t<div class=\"elementor-element elementor-element-3db0184 elementor-widget elementor-widget-image\" data-id=\"3db0184\" data-element_type=\"widget\" data-widget_type=\"image.default\">\n\t\t\t\t<div class=\"elementor-widget-container\">\n\t\t\t\t\t\t\t\t\t\t\t\t\t<img decoding=\"async\" width=\"510\" height=\"393\" src=\"https:\/\/new-site.ohlala.com\/wp-content\/uploads\/2024\/09\/ohlala-social-media.png\" class=\"attachment-large size-large wp-image-2455\" alt=\"\" srcset=\"https:\/\/new-site.ohlala.com\/wp-content\/uploads\/2024\/09\/ohlala-social-media.png 510w, https:\/\/new-site.ohlala.com\/wp-content\/uploads\/2024\/09\/ohlala-social-media-300x231.png 300w, https:\/\/new-site.ohlala.com\/wp-content\/uploads\/2024\/09\/ohlala-social-media-16x12.png 16w\" sizes=\"(max-width: 510px) 100vw, 510px\" \/>\t\t\t\t\t\t\t\t\t\t\t\t\t<\/div>\n\t\t\t\t<\/div>\n\t\t\t\t<\/div>\n\t\t<div class=\"elementor-element elementor-element-3eeadc8 e-con-full e-flex e-con e-child\" data-id=\"3eeadc8\" data-element_type=\"container\">\n\t\t\t\t<div class=\"elementor-element elementor-element-52d2bca elementor-invisible elementor-widget elementor-widget-heading\" data-id=\"52d2bca\" data-element_type=\"widget\" data-settings=\"{&quot;_animation&quot;:&quot;fadeInUp&quot;,&quot;_animation_delay&quot;:900}\" data-widget_type=\"heading.default\">\n\t\t\t\t<div class=\"elementor-widget-container\">\n\t\t\t<h2 class=\"elementor-heading-title elementor-size-default\">Warum sollte ich Ohlala Models nutzen?<\/h2>\t\t<\/div>\n\t\t\t\t<\/div>\n\t\t\t\t<div class=\"elementor-element elementor-element-22d95a9 animated-slow elementor-widget-tablet__width-initial elementor-invisible elementor-widget elementor-widget-heading\" data-id=\"22d95a9\" data-element_type=\"widget\" data-settings=\"{&quot;_animation&quot;:&quot;fadeInUp&quot;,&quot;_animation_delay&quot;:900}\" data-widget_type=\"heading.default\">\n\t\t\t\t<div class=\"elementor-widget-container\">\n\t\t\t<h3 class=\"elementor-heading-title elementor-size-default\">Wer Social Media nutzt, ist bei Ohlala genau richtig<\/h3>\t\t<\/div>\n\t\t\t\t<\/div>\n\t\t\t\t<div class=\"elementor-element elementor-element-09914cf animated-slow elementor-invisible elementor-widget elementor-widget-text-editor\" data-id=\"09914cf\" data-element_type=\"widget\" data-settings=\"{&quot;_animation&quot;:&quot;fadeInUp&quot;,&quot;_animation_delay&quot;:900}\" data-widget_type=\"text-editor.default\">\n\t\t\t\t<div class=\"elementor-widget-container\">\n\t\t\t\t\t\t\tWenn du Social-Media-Plattformen wie Instagram nutzt und Deinen eigenen Content produzierst, dann solltest Du Dich in jedem Fall auf Ohlala Models anmelden. Egal, ob Du endlos Selfies hochl\u00e4dst, auf erotische Massagen stehst, Dich morgens im Bett r\u00e4kelst und ein s\u00fc\u00dfes Foto davon machst oder die Ohlala Community beim Shopping in die Umkleidekabine mitnimmst \u2013 Deine Fans werden gerne daf\u00fcr bezahlen.\t\t\t\t\t\t<\/div>\n\t\t\t\t<\/div>\n\t\t\t\t<\/div>\n\t\t\t\t<\/div>\n\t\t\t\t\t<\/div>\n\t\t\t\t<\/div>\n\t\t<div class=\"elementor-element elementor-element-e9ee742 e-flex e-con-boxed e-con e-parent\" data-id=\"e9ee742\" data-element_type=\"container\">\n\t\t\t\t\t<div class=\"e-con-inner\">\n\t\t<div class=\"elementor-element elementor-element-1079291 e-con-full e-flex e-con e-child\" data-id=\"1079291\" data-element_type=\"container\">\n\t\t<div class=\"elementor-element elementor-element-243c1db e-con-full e-flex e-con e-child\" data-id=\"243c1db\" data-element_type=\"container\">\n\t\t\t\t<div class=\"elementor-element elementor-element-6dc256b elementor-widget elementor-widget-image\" data-id=\"6dc256b\" data-element_type=\"widget\" data-widget_type=\"image.default\">\n\t\t\t\t<div class=\"elementor-widget-container\">\n\t\t\t\t\t\t\t\t\t\t\t\t\t<img loading=\"lazy\" decoding=\"async\" width=\"314\" height=\"311\" src=\"https:\/\/new-site.ohlala.com\/wp-content\/uploads\/2024\/09\/ohlala-security.png\" class=\"attachment-large size-large wp-image-2459\" alt=\"\" srcset=\"https:\/\/new-site.ohlala.com\/wp-content\/uploads\/2024\/09\/ohlala-security.png 314w, https:\/\/new-site.ohlala.com\/wp-content\/uploads\/2024\/09\/ohlala-security-300x297.png 300w, https:\/\/new-site.ohlala.com\/wp-content\/uploads\/2024\/09\/ohlala-security-150x150.png 150w, https:\/\/new-site.ohlala.com\/wp-content\/uploads\/2024\/09\/ohlala-security-12x12.png 12w\" sizes=\"(max-width: 314px) 100vw, 314px\" \/>\t\t\t\t\t\t\t\t\t\t\t\t\t<\/div>\n\t\t\t\t<\/div>\n\t\t\t\t<\/div>\n\t\t<div class=\"elementor-element elementor-element-682d5a4 e-con-full e-flex e-con e-child\" data-id=\"682d5a4\" data-element_type=\"container\">\n\t\t\t\t<div class=\"elementor-element elementor-element-c2b0ef8 elementor-invisible elementor-widget elementor-widget-heading\" data-id=\"c2b0ef8\" data-element_type=\"widget\" data-settings=\"{&quot;_animation&quot;:&quot;fadeInUp&quot;,&quot;_animation_delay&quot;:900}\" data-widget_type=\"heading.default\">\n\t\t\t\t<div class=\"elementor-widget-container\">\n\t\t\t<h2 class=\"elementor-heading-title elementor-size-default\">Ist Ohlala Models eine sichere Plattform?<\/h2>\t\t<\/div>\n\t\t\t\t<\/div>\n\t\t\t\t<div class=\"elementor-element elementor-element-7d7cc5a animated-slow elementor-invisible elementor-widget elementor-widget-heading\" data-id=\"7d7cc5a\" data-element_type=\"widget\" data-settings=\"{&quot;_animation&quot;:&quot;fadeInUp&quot;,&quot;_animation_delay&quot;:900}\" data-widget_type=\"heading.default\">\n\t\t\t\t<div class=\"elementor-widget-container\">\n\t\t\t<h3 class=\"elementor-heading-title elementor-size-default\">Mitglieder-Informationen sind bei uns sicher<\/h3>\t\t<\/div>\n\t\t\t\t<\/div>\n\t\t\t\t<div class=\"elementor-element elementor-element-4db89fe animated-slow elementor-invisible elementor-widget elementor-widget-text-editor\" data-id=\"4db89fe\" data-element_type=\"widget\" data-settings=\"{&quot;_animation&quot;:&quot;fadeInUp&quot;,&quot;_animation_delay&quot;:900}\" data-widget_type=\"text-editor.default\">\n\t\t\t\t<div class=\"elementor-widget-container\">\n\t\t\t\t\t\t\tWir alle haben von Sicherheitsl\u00fccken und Datendiebstahl auf Internetplattformen geh\u00f6rt. Das Team von Ohlala hat deshalb eine Plattform kreiert, die immer auf dem neuesten Stand der Datensicherheit ist. So sind sensible Informationen bei Ohlala sicher, denn sie werden gem\u00e4\u00df aktueller Datenschutzrichtlinien behandelt. Neue Mitglieder m\u00fcssen sich zus\u00e4tzlich verifizieren und ihre Identit\u00e4t zweifelsfrei nachweisen. Mehr Information zu unserer Datenschutzerkl\u00e4rung findest du here.\t\t\t\t\t\t<\/div>\n\t\t\t\t<\/div>\n\t\t\t\t<\/div>\n\t\t\t\t<\/div>\n\t\t\t\t\t<\/div>\n\t\t\t\t<\/div>\n\t\t<div class=\"elementor-element elementor-element-124a6a7 e-flex e-con-boxed e-con e-parent\" data-id=\"124a6a7\" data-element_type=\"container\" data-settings=\"{&quot;background_background&quot;:&quot;classic&quot;}\">\n\t\t\t\t\t<div class=\"e-con-inner\">\n\t\t\t\t<div class=\"elementor-element elementor-element-118962d elementor-widget elementor-widget-image\" data-id=\"118962d\" data-element_type=\"widget\" data-widget_type=\"image.default\">\n\t\t\t\t<div class=\"elementor-widget-container\">\n\t\t\t\t\t\t\t\t\t\t\t\t\t<img loading=\"lazy\" decoding=\"async\" width=\"123\" height=\"123\" src=\"https:\/\/new-site.ohlala.com\/wp-content\/uploads\/2024\/09\/download-100.png\" class=\"attachment-large size-large wp-image-2475\" alt=\"\" srcset=\"https:\/\/new-site.ohlala.com\/wp-content\/uploads\/2024\/09\/download-100.png 123w, https:\/\/new-site.ohlala.com\/wp-content\/uploads\/2024\/09\/download-100-12x12.png 12w\" sizes=\"(max-width: 123px) 100vw, 123px\" \/>\t\t\t\t\t\t\t\t\t\t\t\t\t<\/div>\n\t\t\t\t<\/div>\n\t\t\t\t<div class=\"elementor-element elementor-element-8bdad36 animated-slow elementor-invisible elementor-widget elementor-widget-heading\" data-id=\"8bdad36\" data-element_type=\"widget\" data-settings=\"{&quot;_animation&quot;:&quot;fadeInUp&quot;,&quot;_animation_delay&quot;:900}\" data-widget_type=\"heading.default\">\n\t\t\t\t<div class=\"elementor-widget-container\">\n\t\t\t<h3 class=\"elementor-heading-title elementor-size-default\">Registriere Dich, um mehr zu sehen ...<\/h3>\t\t<\/div>\n\t\t\t\t<\/div>\n\t\t\t\t<div class=\"elementor-element elementor-element-928f840 animated-slow elementor-widget__width-initial elementor-invisible elementor-widget elementor-widget-text-editor\" data-id=\"928f840\" data-element_type=\"widget\" data-settings=\"{&quot;_animation&quot;:&quot;fadeInUp&quot;,&quot;_animation_delay&quot;:900}\" data-widget_type=\"text-editor.default\">\n\t\t\t\t<div class=\"elementor-widget-container\">\n\t\t\t\t\t\t\tW\u00e4rst Du nicht auch dazu bereit, eine kleine Geb\u00fchr daf\u00fcr zu zahlen, um exklusiven Content von deinen liebsten Influencern sehen zu k\u00f6nnen? Das ist das Sch\u00f6ne an Ohlala Models, denn hier kannst Du nicht nur attraktive Singles kostenlos treffen, sondern Du wirst auch f\u00fcr Deinen Content belohnt.\t\t\t\t\t\t<\/div>\n\t\t\t\t<\/div>\n\t\t\t\t<div class=\"elementor-element elementor-element-1fe9152 animated-slow elementor-invisible elementor-widget elementor-widget-elementskit-button\" data-id=\"1fe9152\" data-element_type=\"widget\" data-settings=\"{&quot;_animation&quot;:&quot;fadeInUp&quot;}\" data-widget_type=\"elementskit-button.default\">\n\t\t\t\t<div class=\"elementor-widget-container\">\n\t\t\t<div class=\"ekit-wid-con\" >\t\t<div class=\"ekit-btn-wraper\">\n\t\t\t\t\t\t\t<a href=\"https:\/\/app.ohlala.com\/register\" class=\"elementskit-btn  whitespace--normal\" id=\"\">\n\t\t\t\t\t<i aria-hidden=\"true\" class=\"jki jki-check-light\"><\/i>Jetzt kostenlos registrieren\t\t\t\t<\/a>\n\t\t\t\t\t<\/div>\n        <\/div>\t\t<\/div>\n\t\t\t\t<\/div>\n\t\t\t\t\t<\/div>\n\t\t\t\t<\/div>\n\t\t\t\t<\/div>","protected":false},"excerpt":{"rendered":"<p>Du m\u00f6chtest mit Deiner Attraktivit\u00e4t Geld verdienen? Mit Deinen Fotos und Videos erzielst Du ganz einfach ein monatliches Einkommen Melde Dich kostenlos bei Ohlala Models an und verdiene noch heute mehr Geld. Teile attraktive Fotos und Videos mit der Ohlala Community. Du bestimmst den Preis und beh\u00e4ltst die volle Kontrolle \u00fcber Deine Inhalte. Verdiene Geld [&hellip;]<\/p>","protected":false},"author":1,"featured_media":0,"parent":0,"menu_order":0,"comment_status":"closed","ping_status":"closed","template":"elementor_header_footer","meta":{"footnotes":""},"class_list":["post-2402","page","type-page","status-publish","hentry"],"_links":{"self":[{"href":"https:\/\/new-site.ohlala.com\/en\/wp-json\/wp\/v2\/pages\/2402","targetHints":{"allow":["GET"]}}],"collection":[{"href":"https:\/\/new-site.ohlala.com\/en\/wp-json\/wp\/v2\/pages"}],"about":[{"href":"https:\/\/new-site.ohlala.com\/en\/wp-json\/wp\/v2\/types\/page"}],"author":[{"embeddable":true,"href":"https:\/\/new-site.ohlala.com\/en\/wp-json\/wp\/v2\/users\/1"}],"replies":[{"embeddable":true,"href":"https:\/\/new-site.ohlala.com\/en\/wp-json\/wp\/v2\/comments?post=2402"}],"version-history":[{"count":122,"href":"https:\/\/new-site.ohlala.com\/en\/wp-json\/wp\/v2\/pages\/2402\/revisions"}],"predecessor-version":[{"id":3054,"href":"https:\/\/new-site.ohlala.com\/en\/wp-json\/wp\/v2\/pages\/2402\/revisions\/3054"}],"wp:attachment":[{"href":"https:\/\/new-site.ohlala.com\/en\/wp-json\/wp\/v2\/media?parent=2402"}],"curies":[{"name":"wp","href":"https:\/\/api.w.org\/{rel}","templated":true}]}}